{"id":2557,"date":"2020-05-14T02:47:00","date_gmt":"2020-05-14T02:47:00","guid":{"rendered":"https:\/\/www.koalys.com\/legal-notice\/"},"modified":"2025-11-04T06:40:27","modified_gmt":"2025-11-04T06:40:27","slug":"legal-notice","status":"publish","type":"page","link":"https:\/\/www.koalys.com\/fr\/legal-notice\/","title":{"rendered":"Legal Notice"},"content":{"rendered":"\t\t<div data-elementor-type=\"wp-post\" data-elementor-id=\"2557\" class=\"elementor elementor-2557 elementor-1909\">\n\t\t\t\t\t\t<section class=\"elementor-section elementor-top-section elementor-element elementor-element-379cdd3 elementor-section-boxed elementor-section-height-default elementor-section-height-default\" data-id=\"379cdd3\" data-element_type=\"section\">\n\t\t\t\t\t\t<div class=\"elementor-container elementor-column-gap-default\">\n\t\t\t\t\t<div class=\"elementor-column elementor-col-100 elementor-top-column elementor-element elementor-element-45371b5\" data-id=\"45371b5\" data-element_type=\"column\">\n\t\t\t<div class=\"elementor-widget-wrap elementor-element-populated\">\n\t\t\t\t\t\t<div class=\"elementor-element elementor-element-1491d61 elementor-widget elementor-widget-heading\" data-id=\"1491d61\" data-element_type=\"widget\" data-widget_type=\"heading.default\">\n\t\t\t\t<div class=\"elementor-widget-container\">\n\t\t\t<h2 class=\"elementor-heading-title elementor-size-default\">Mentions L\u00e9gales <\/h2>\t\t<\/div>\n\t\t\t\t<\/div>\n\t\t\t\t<div class=\"elementor-element elementor-element-385c429 elementor-widget elementor-widget-text-editor\" data-id=\"385c429\" data-element_type=\"widget\" data-widget_type=\"text-editor.default\">\n\t\t\t\t<div class=\"elementor-widget-container\">\n\t\t\t\t\t\t\t<p>Le site Koalys.com est la propri\u00e9t\u00e9 de la soci\u00e9t\u00e9 KOALYS TECHNOLOGIES Ltd.<\/p><p>Identifiant Soci\u00e9t\u00e9 :<\/p><div class=\"aircall-extension-button\" style=\"padding-right: 24px;\" data-aircallphone=\"+33515016665\">515 016 665<\/div><div data-aircallphone=\"+33515016665\">\u00a0<\/div><p>Adresse: King George 20, Jerusalem, <span data-teams=\"true\">9426208,<\/span> Isra\u00ebl<\/p><p>Email: contact@koalys.com<\/p><p>Directeur de la publication : Robert Walesa, Carsten Buhl<\/p><p>H\u00e9bergeur : Heroku Inc \u2013 650 7th St, San francisco, Can 94103, United States<\/p><p>Conform\u00e9ment \u00e0 la loi du 11 mars 1957 et la loi du 3 juillet 1985, codifi\u00e9es dans le Code de la Propri\u00e9t\u00e9 Intellectuelle, il est interdit de reproduire, de modifier, d\u2019utiliser le contenu (images, textes, vid\u00e9os\u2026) du site \u00e0 des fins publiques ou commerciales, sans accord \u00e9crit obtenu au pr\u00e9alable aupr\u00e8s de KOALYS TECHNOLOGIES Ltd.<\/p><p>Toute contravention au droit d\u2019auteur est constitutive du d\u00e9lit de contrefa\u00e7on, et \u00e0 ce titre engage la responsabilit\u00e9 civile et p\u00e9nale de son auteur.<\/p>\t\t\t\t\t\t<\/div>\n\t\t\t\t<\/div>\n\t\t\t\t\t<\/div>\n\t\t<\/div>\n\t\t\t\t\t<\/div>\n\t\t<\/section>\n\t\t\t\t<\/div>\n\t\t","protected":false},"excerpt":{"rendered":"<p>Mentions L\u00e9gales Le site Koalys.com est la propri\u00e9t\u00e9 de la soci\u00e9t\u00e9 KOALYS TECHNOLOGIES Ltd. Identifiant Soci\u00e9t\u00e9 : 515 016 665\u00a0 Adresse: King George 20, Jerusalem, 9426208, Isra\u00ebl Email: contact@koalys.com Directeur de la publication : Robert Walesa, Carsten Buhl H\u00e9bergeur : Heroku Inc \u2013 650 7th St, San francisco, Can 94103, United States Conform\u00e9ment \u00e0 la [&hellip;]<\/p>\n","protected":false},"author":3,"featured_media":0,"parent":0,"menu_order":0,"comment_status":"open","ping_status":"open","template":"elementor_header_footer","meta":{"footnotes":""},"class_list":["post-2557","page","type-page","status-publish","hentry"],"yoast_head":"<!-- This site is optimized with the Yoast SEO plugin v24.0 - https:\/\/yoast.com\/wordpress\/plugins\/seo\/ -->\n<title>Informez Vous \u00e0 Propos des Mentions L\u00e9gales de Notre Site | Koalys<\/title>\n<meta name=\"description\" content=\"Il est important que vous lissiez nos mentions l\u00e9gales afin de conna\u00eetre les interdictions de reproductions du contenu de ce site.\" \/>\n<meta name=\"robots\" content=\"index, follow, max-snippet:-1, max-image-preview:large, max-video-preview:-1\" \/>\n<link rel=\"canonical\" href=\"https:\/\/www.koalys.com\/fr\/legal-notice\/\" \/>\n<meta property=\"og:locale\" content=\"fr_FR\" \/>\n<meta property=\"og:type\" content=\"article\" \/>\n<meta property=\"og:title\" content=\"Informez Vous \u00e0 Propos des Mentions L\u00e9gales de Notre Site | Koalys\" \/>\n<meta property=\"og:description\" content=\"Il est important que vous lissiez nos mentions l\u00e9gales afin de conna\u00eetre les interdictions de reproductions du contenu de ce site.\" \/>\n<meta property=\"og:url\" content=\"https:\/\/www.koalys.com\/fr\/legal-notice\/\" \/>\n<meta property=\"og:site_name\" content=\"Koalys\" \/>\n<meta property=\"article:modified_time\" content=\"2025-11-04T06:40:27+00:00\" \/>\n<meta name=\"twitter:card\" content=\"summary_large_image\" \/>\n<meta name=\"twitter:label1\" content=\"Dur\u00e9e de lecture estim\u00e9e\" \/>\n\t<meta name=\"twitter:data1\" content=\"1 minute\" \/>\n<script type=\"application\/ld+json\" class=\"yoast-schema-graph\">{\"@context\":\"https:\/\/schema.org\",\"@graph\":[{\"@type\":\"WebPage\",\"@id\":\"https:\/\/www.koalys.com\/fr\/legal-notice\/\",\"url\":\"https:\/\/www.koalys.com\/fr\/legal-notice\/\",\"name\":\"Informez Vous \u00e0 Propos des Mentions L\u00e9gales de Notre Site | Koalys\",\"isPartOf\":{\"@id\":\"https:\/\/www.koalys.com\/fr\/#website\"},\"datePublished\":\"2020-05-14T02:47:00+00:00\",\"dateModified\":\"2025-11-04T06:40:27+00:00\",\"description\":\"Il est important que vous lissiez nos mentions l\u00e9gales afin de conna\u00eetre les interdictions de reproductions du contenu de ce site.\",\"breadcrumb\":{\"@id\":\"https:\/\/www.koalys.com\/fr\/legal-notice\/#breadcrumb\"},\"inLanguage\":\"fr-FR\",\"potentialAction\":[{\"@type\":\"ReadAction\",\"target\":[\"https:\/\/www.koalys.com\/fr\/legal-notice\/\"]}]},{\"@type\":\"BreadcrumbList\",\"@id\":\"https:\/\/www.koalys.com\/fr\/legal-notice\/#breadcrumb\",\"itemListElement\":[{\"@type\":\"ListItem\",\"position\":1,\"name\":\"Home\",\"item\":\"https:\/\/www.koalys.com\/fr\/\"},{\"@type\":\"ListItem\",\"position\":2,\"name\":\"Legal Notice\"}]},{\"@type\":\"WebSite\",\"@id\":\"https:\/\/www.koalys.com\/fr\/#website\",\"url\":\"https:\/\/www.koalys.com\/fr\/\",\"name\":\"Koalys\",\"description\":\"\",\"publisher\":{\"@id\":\"https:\/\/www.koalys.com\/fr\/#organization\"},\"potentialAction\":[{\"@type\":\"SearchAction\",\"target\":{\"@type\":\"EntryPoint\",\"urlTemplate\":\"https:\/\/www.koalys.com\/fr\/?s={search_term_string}\"},\"query-input\":{\"@type\":\"PropertyValueSpecification\",\"valueRequired\":true,\"valueName\":\"search_term_string\"}}],\"inLanguage\":\"fr-FR\"},{\"@type\":\"Organization\",\"@id\":\"https:\/\/www.koalys.com\/fr\/#organization\",\"name\":\"Koalys\",\"url\":\"https:\/\/www.koalys.com\/fr\/\",\"logo\":{\"@type\":\"ImageObject\",\"inLanguage\":\"fr-FR\",\"@id\":\"https:\/\/www.koalys.com\/fr\/#\/schema\/logo\/image\/\",\"url\":\"https:\/\/www.koalys.com\/wp-content\/uploads\/2020\/04\/cropped-kls-black-rvb-8.png\",\"contentUrl\":\"https:\/\/www.koalys.com\/wp-content\/uploads\/2020\/04\/cropped-kls-black-rvb-8.png\",\"width\":609,\"height\":157,\"caption\":\"Koalys\"},\"image\":{\"@id\":\"https:\/\/www.koalys.com\/fr\/#\/schema\/logo\/image\/\"}}]}<\/script>\n<!-- \/ Yoast SEO plugin. -->","yoast_head_json":{"title":"Informez Vous \u00e0 Propos des Mentions L\u00e9gales de Notre Site | Koalys","description":"Il est important que vous lissiez nos mentions l\u00e9gales afin de conna\u00eetre les interdictions de reproductions du contenu de ce site.","robots":{"index":"index","follow":"follow","max-snippet":"max-snippet:-1","max-image-preview":"max-image-preview:large","max-video-preview":"max-video-preview:-1"},"canonical":"https:\/\/www.koalys.com\/fr\/legal-notice\/","og_locale":"fr_FR","og_type":"article","og_title":"Informez Vous \u00e0 Propos des Mentions L\u00e9gales de Notre Site | Koalys","og_description":"Il est important que vous lissiez nos mentions l\u00e9gales afin de conna\u00eetre les interdictions de reproductions du contenu de ce site.","og_url":"https:\/\/www.koalys.com\/fr\/legal-notice\/","og_site_name":"Koalys","article_modified_time":"2025-11-04T06:40:27+00:00","twitter_card":"summary_large_image","twitter_misc":{"Dur\u00e9e de lecture estim\u00e9e":"1 minute"},"schema":{"@context":"https:\/\/schema.org","@graph":[{"@type":"WebPage","@id":"https:\/\/www.koalys.com\/fr\/legal-notice\/","url":"https:\/\/www.koalys.com\/fr\/legal-notice\/","name":"Informez Vous \u00e0 Propos des Mentions L\u00e9gales de Notre Site | Koalys","isPartOf":{"@id":"https:\/\/www.koalys.com\/fr\/#website"},"datePublished":"2020-05-14T02:47:00+00:00","dateModified":"2025-11-04T06:40:27+00:00","description":"Il est important que vous lissiez nos mentions l\u00e9gales afin de conna\u00eetre les interdictions de reproductions du contenu de ce site.","breadcrumb":{"@id":"https:\/\/www.koalys.com\/fr\/legal-notice\/#breadcrumb"},"inLanguage":"fr-FR","potentialAction":[{"@type":"ReadAction","target":["https:\/\/www.koalys.com\/fr\/legal-notice\/"]}]},{"@type":"BreadcrumbList","@id":"https:\/\/www.koalys.com\/fr\/legal-notice\/#breadcrumb","itemListElement":[{"@type":"ListItem","position":1,"name":"Home","item":"https:\/\/www.koalys.com\/fr\/"},{"@type":"ListItem","position":2,"name":"Legal Notice"}]},{"@type":"WebSite","@id":"https:\/\/www.koalys.com\/fr\/#website","url":"https:\/\/www.koalys.com\/fr\/","name":"Koalys","description":"","publisher":{"@id":"https:\/\/www.koalys.com\/fr\/#organization"},"potentialAction":[{"@type":"SearchAction","target":{"@type":"EntryPoint","urlTemplate":"https:\/\/www.koalys.com\/fr\/?s={search_term_string}"},"query-input":{"@type":"PropertyValueSpecification","valueRequired":true,"valueName":"search_term_string"}}],"inLanguage":"fr-FR"},{"@type":"Organization","@id":"https:\/\/www.koalys.com\/fr\/#organization","name":"Koalys","url":"https:\/\/www.koalys.com\/fr\/","logo":{"@type":"ImageObject","inLanguage":"fr-FR","@id":"https:\/\/www.koalys.com\/fr\/#\/schema\/logo\/image\/","url":"https:\/\/www.koalys.com\/wp-content\/uploads\/2020\/04\/cropped-kls-black-rvb-8.png","contentUrl":"https:\/\/www.koalys.com\/wp-content\/uploads\/2020\/04\/cropped-kls-black-rvb-8.png","width":609,"height":157,"caption":"Koalys"},"image":{"@id":"https:\/\/www.koalys.com\/fr\/#\/schema\/logo\/image\/"}}]}},"_links":{"self":[{"href":"https:\/\/www.koalys.com\/fr\/wp-json\/wp\/v2\/pages\/2557","targetHints":{"allow":["GET"]}}],"collection":[{"href":"https:\/\/www.koalys.com\/fr\/wp-json\/wp\/v2\/pages"}],"about":[{"href":"https:\/\/www.koalys.com\/fr\/wp-json\/wp\/v2\/types\/page"}],"author":[{"embeddable":true,"href":"https:\/\/www.koalys.com\/fr\/wp-json\/wp\/v2\/users\/3"}],"replies":[{"embeddable":true,"href":"https:\/\/www.koalys.com\/fr\/wp-json\/wp\/v2\/comments?post=2557"}],"version-history":[{"count":26,"href":"https:\/\/www.koalys.com\/fr\/wp-json\/wp\/v2\/pages\/2557\/revisions"}],"predecessor-version":[{"id":3780,"href":"https:\/\/www.koalys.com\/fr\/wp-json\/wp\/v2\/pages\/2557\/revisions\/3780"}],"wp:attachment":[{"href":"https:\/\/www.koalys.com\/fr\/wp-json\/wp\/v2\/media?parent=2557"}],"curies":[{"name":"wp","href":"https:\/\/api.w.org\/{rel}","templated":true}]}}